{"id":1134,"date":"2025-02-20T13:55:38","date_gmt":"2025-02-20T12:55:38","guid":{"rendered":"https:\/\/2025.hapke-sportwagen.de\/?page_id=1134"},"modified":"2025-08-06T08:05:57","modified_gmt":"2025-08-06T06:05:57","slug":"site-notice","status":"publish","type":"page","link":"https:\/\/www.hapke-sportwagen.de\/en\/site-notice\/","title":{"rendered":"Site Notice"},"content":{"rendered":"\n<h1 class=\"wp-block-heading\">Site Notice<\/h1>\n\n\n\n<p>Marcel Hapke<br>Hapke Original Restauration<br>Zum Scheider Feld 41<br>51467 Bergisch Gladbach<\/p>\n\n\n\n<h2 class=\"wp-block-heading\">Contact<\/h2>\n\n\n\n<p>Phone: +49 (0) 22 02 \/ 4 60 39 67<br>Telefax: +49 (0) 22 02 \/ 4 60 39 67<br>E-mail: info@hapke-sportwagen.de<\/p>\n\n\n\n<h2 class=\"wp-block-heading\">VAT ID<\/h2>\n\n\n\n<p>Sales tax identification number according to Sect. 27 a of the Sales Tax Law:<br>DE305654072<\/p>\n\n\n\n<h2 class=\"wp-block-heading\">Person responsible for editorial<\/h2>\n\n\n\n<p>Marcel Hapke<br>Zum Scheider Feld 41<br>51467 Bergisch Gladbach<\/p>\n\n\n\n<h2 class=\"wp-block-heading\">Dispute resolution proceedings in front of a consumer arbitration board<\/h2>\n\n\n\n<p>We are not willing or obliged to participate in dispute resolution proceedings in front of a consumer arbitration board.<\/p>\n\n\n\n<h3 class=\"wp-block-heading\">Image credits<\/h3>\n\n\n\n<p>This website uses images from Adobe Stock (https:\/\/stock.adobe.com) and Depositphotos (https:\/\/de.depositphotos.com).<\/p>\n\n\n\n<h3 class=\"wp-block-heading\">Concept, text, design and development<\/h3>\n\n\n\n<p><a href=\"https:\/\/www.wir-verstehen-technik.de\">C&amp;G: Strategische Kommunikation GmbH<\/a><\/p>\n\n\n\n<p>Tech Campus Haus Staade<br>L\u00fcghauser Stra\u00dfe 16<br>51503 R\u00f6srath<\/p>\n\n\n\n<h3 class=\"wp-block-heading\">Realisation<\/h3>\n\n\n\n<p><a href=\"http:\/\/www.netschmiede24.de\" target=\"_blank\" rel=\"noreferrer noopener\">netSchmiede24<\/a><\/p>\n","protected":false},"excerpt":{"rendered":"<p>Site Notice Marcel HapkeHapke Original RestaurationZum Scheider Feld 4151467 Bergisch Gladbach Contact Phone: +49 (0) 22 02 \/ 4 60 39 67Telefax: +49 (0) 22 02 \/ 4 60 39 67E-mail: info@hapke-sportwagen.de VAT ID Sales tax identification number according to Sect. 27 a of the Sales Tax Law:DE305654072 Person responsible for editorial Marcel HapkeZum Scheider [&hellip;]<\/p>\n","protected":false},"author":1,"featured_media":0,"parent":0,"menu_order":0,"comment_status":"closed","ping_status":"closed","template":"","meta":{"inline_featured_image":false,"footnotes":""},"class_list":["post-1134","page","type-page","status-publish","hentry","post"],"_links":{"self":[{"href":"https:\/\/www.hapke-sportwagen.de\/en\/wp-json\/wp\/v2\/pages\/1134","targetHints":{"allow":["GET"]}}],"collection":[{"href":"https:\/\/www.hapke-sportwagen.de\/en\/wp-json\/wp\/v2\/pages"}],"about":[{"href":"https:\/\/www.hapke-sportwagen.de\/en\/wp-json\/wp\/v2\/types\/page"}],"author":[{"embeddable":true,"href":"https:\/\/www.hapke-sportwagen.de\/en\/wp-json\/wp\/v2\/users\/1"}],"replies":[{"embeddable":true,"href":"https:\/\/www.hapke-sportwagen.de\/en\/wp-json\/wp\/v2\/comments?post=1134"}],"version-history":[{"count":2,"href":"https:\/\/www.hapke-sportwagen.de\/en\/wp-json\/wp\/v2\/pages\/1134\/revisions"}],"predecessor-version":[{"id":1656,"href":"https:\/\/www.hapke-sportwagen.de\/en\/wp-json\/wp\/v2\/pages\/1134\/revisions\/1656"}],"wp:attachment":[{"href":"https:\/\/www.hapke-sportwagen.de\/en\/wp-json\/wp\/v2\/media?parent=1134"}],"curies":[{"name":"wp","href":"https:\/\/api.w.org\/{rel}","templated":true}]}}